{"id":6,"date":"2025-09-05T08:40:15","date_gmt":"2025-09-05T08:40:15","guid":{"rendered":"https:\/\/esenyurtelektronik.com.tr\/?page_id=6"},"modified":"2025-11-23T18:58:06","modified_gmt":"2025-11-23T18:58:06","slug":"ana-sayfa","status":"publish","type":"page","link":"https:\/\/esenyurtelektronik.com.tr\/","title":{"rendered":"Ana Sayfa"},"content":{"rendered":"\t\t<div data-elementor-type=\"wp-page\" data-elementor-id=\"6\" class=\"elementor elementor-6\">\n\t\t\t\t<div class=\"elementor-element elementor-element-e12e691 e-flex e-con-boxed e-con e-parent\" data-id=\"e12e691\" data-element_type=\"container\" data-e-type=\"container\">\n\t\t\t\t\t<div class=\"e-con-inner\">\n\t\t\t\t<div class=\"elementor-element elementor-element-383a66f1 elementor-widget elementor-widget-text-editor\" data-id=\"383a66f1\" data-element_type=\"widget\" data-e-type=\"widget\" data-widget_type=\"text-editor.default\">\n\t\t\t\t\t\t\t\t\t\n<div class=\"wp-block-cover alignfull is-light\" style=\"min-height: 720px;aspect-ratio:unset;\">\n<div class=\"wp-block-cover__inner-container is-layout-flow wp-block-cover-is-layout-flow\">\n<div class=\"inherit-container-width wp-block-group alignwide is-layout-constrained wp-block-group-is-layout-constrained\">\n<div class=\"wp-block-media-text alignwide has-media-on-the-right is-stacked-on-mobile is-vertically-aligned-center\" style=\"grid-template-columns: auto 43%;\">\n<div class=\"wp-block-media-text__content\">\n<h1 class=\"wp-block-heading has-text-align-left has-white-color has-text-color\"><strong><br \/>ESENYURT Elektronik<\/strong><\/h1>\n\n<p class=\"has-white-color has-text-color\">\u00a0<em>Bilgisayar, TV ve Telefon Tamirinde G\u00fcvenilir Adres<\/em><\/p>\n\n<p>Ho\u015f geldiniz!<br \/>Beylikd\u00fcz\u00fc Elektronik olarak bilgisayar, televizyon ve telefon tamirinde uzman ekibimizle yan\u0131n\u0131zday\u0131z.<\/p>\n\n<p>H\u0131zl\u0131 \u00e7\u00f6z\u00fcm<\/p>\n\n<p>\u00a0Uygun fiyat<\/p>\n\n<p>\u00a0Garantili hizmet<\/p>\n\n<div class=\"wp-block-buttons is-layout-flex wp-block-buttons-is-layout-flex\">\n<div class=\"wp-block-button\"><a class=\"wp-block-button__link wp-element-button\" href=\"#\">05356687422<\/a><\/div>\n<\/div>\n<\/div>\n<figure class=\"wp-block-media-text__media\"><img fetchpriority=\"high\" decoding=\"async\" width=\"576\" height=\"1024\" class=\"wp-image-26 size-full\" src=\"https:\/\/esenyurtelektronik.com.tr\/wp-content\/uploads\/2025\/09\/WhatsApp-Gorsel-2025-09-05-saat-11.48.32_4be64ac4-576x1024.jpg\" alt=\"\" srcset=\"https:\/\/esenyurtelektronik.com.tr\/wp-content\/uploads\/2025\/09\/WhatsApp-Gorsel-2025-09-05-saat-11.48.32_4be64ac4-576x1024.jpg 576w, https:\/\/esenyurtelektronik.com.tr\/wp-content\/uploads\/2025\/09\/WhatsApp-Gorsel-2025-09-05-saat-11.48.32_4be64ac4-169x300.jpg 169w, https:\/\/esenyurtelektronik.com.tr\/wp-content\/uploads\/2025\/09\/WhatsApp-Gorsel-2025-09-05-saat-11.48.32_4be64ac4.jpg 750w\" sizes=\"(max-width: 576px) 100vw, 576px\" \/><\/figure>\n<\/div>\n<\/div>\n<\/div>\n<\/div>\n\n<div class=\"wp-block-group alignfull has-ast-global-color-5-background-color has-background is-layout-constrained wp-container-core-group-is-layout-9cedb757 wp-block-group-is-layout-constrained\" style=\"padding-bottom: 0px;\">\n<div class=\"wp-block-columns are-vertically-aligned-top is-layout-flex wp-container-core-columns-is-layout-00723822 wp-block-columns-is-layout-flex\">\n<div class=\"wp-block-column is-vertically-aligned-top is-layout-flow wp-container-core-column-is-layout-6b73ce23 wp-block-column-is-layout-flow\">\n<h3 class=\"wp-block-heading has-text-align-left\" style=\"margin-top: 16px;\"><img decoding=\"async\" src=\"https:\/\/s.w.org\/images\/core\/emoji\/16.0.1\/svg\/1f4bb.svg\" alt=\"\ud83d\udcbb\" \/>\u00a0Bilgisayar Tamiri<\/h3>\n\n<p class=\"has-text-align-left\">H\u0131zl\u0131 ve g\u00fcvenilir bilgisayar bak\u0131m ve onar\u0131m hizmeti.<\/p>\n\n<p class=\"has-text-align-left\">\u00a0<\/p>\n<\/div>\n\n<div class=\"wp-block-column is-vertically-aligned-top is-layout-flow wp-container-core-column-is-layout-6b73ce23 wp-block-column-is-layout-flow\">\n<h3 class=\"wp-block-heading has-text-align-left\" style=\"margin-top: 16px;\"><img decoding=\"async\" src=\"https:\/\/s.w.org\/images\/core\/emoji\/16.0.1\/svg\/1f4fa.svg\" alt=\"\ud83d\udcfa\" \/>\u00a0Televizyon Tamiri<\/h3>\n\n<p class=\"has-text-align-left\">T\u00fcm marka TV ar\u0131zalar\u0131nda profesyonel \u00e7\u00f6z\u00fcm.<\/p>\n<\/div>\n\n<div class=\"wp-block-column is-vertically-aligned-top is-layout-flow wp-container-core-column-is-layout-6b73ce23 wp-block-column-is-layout-flow\">\n<h3 class=\"wp-block-heading has-text-align-left\" style=\"margin-top: 16px;\"><img decoding=\"async\" src=\"https:\/\/s.w.org\/images\/core\/emoji\/16.0.1\/svg\/1f4f1.svg\" alt=\"\ud83d\udcf1\" \/>\u00a0Telefon Tamiri<\/h3>\n\n<p>Ekran, batarya ve donan\u0131m sorunlar\u0131nda uzman destek.<\/p>\n\n<p>\u00a0<\/p>\n\n<p class=\"has-text-align-left\">\u00a0<\/p>\n<\/div>\n<\/div>\n<\/div>\n\n<div id=\"services\" class=\"wp-block-group alignfull is-layout-constrained wp-container-core-group-is-layout-45b0ac4f wp-block-group-is-layout-constrained\" style=\"padding-top: 144px; padding-bottom: 0px;\">\n<pre id=\"tw-target-text\" class=\"wp-block-preformatted\">Hizmetlerimiz<\/pre>\n\n<div class=\"wp-block-columns is-layout-flex wp-container-core-columns-is-layout-60cbf9bb wp-block-columns-is-layout-flex\" style=\"margin-top: 50px;\">\n<div class=\"wp-block-column is-layout-flow wp-container-core-column-is-layout-6b73ce23 wp-block-column-is-layout-flow\">\n<figure class=\"wp-block-image size-full\"><img decoding=\"async\" width=\"750\" height=\"1334\" class=\"wp-image-32\" src=\"https:\/\/esenyurtelektronik.com.tr\/wp-content\/uploads\/2025\/09\/WhatsApp-Gorsel-2025-09-05-saat-11.48.31_55c6c965-1.jpg\" alt=\"\" srcset=\"https:\/\/esenyurtelektronik.com.tr\/wp-content\/uploads\/2025\/09\/WhatsApp-Gorsel-2025-09-05-saat-11.48.31_55c6c965-1.jpg 750w, https:\/\/esenyurtelektronik.com.tr\/wp-content\/uploads\/2025\/09\/WhatsApp-Gorsel-2025-09-05-saat-11.48.31_55c6c965-1-169x300.jpg 169w, https:\/\/esenyurtelektronik.com.tr\/wp-content\/uploads\/2025\/09\/WhatsApp-Gorsel-2025-09-05-saat-11.48.31_55c6c965-1-576x1024.jpg 576w\" sizes=\"(max-width: 750px) 100vw, 750px\" \/><\/figure>\n\n<h3 class=\"wp-block-heading\" style=\"margin-top: 16px;\">\ud83d\udcfa Televizyon &amp; Bilgisayar Tamiri<\/h3>\n\n<p><strong>Her Marka ve Model \u0130\u00e7in G\u00fcvenilir Onar\u0131m<\/strong><br \/>Ar\u0131zalanan televizyon ve bilgisayarlar\u0131n\u0131z\u0131 uzman ekibimiz ile k\u0131sa s\u00fcrede tamir ediyor, ilk g\u00fcnk\u00fc performans\u0131na kavu\u015fturuyoruz.<\/p>\n<\/div>\n\n<div class=\"wp-block-column is-layout-flow wp-container-core-column-is-layout-6b73ce23 wp-block-column-is-layout-flow\">\n<figure class=\"wp-block-image size-full\"><img decoding=\"async\" width=\"750\" height=\"1334\" class=\"wp-image-33\" src=\"https:\/\/esenyurtelektronik.com.tr\/wp-content\/uploads\/2025\/09\/WhatsApp-Gorsel-2025-09-05-saat-11.48.32_e88005ff.jpg\" alt=\"\" srcset=\"https:\/\/esenyurtelektronik.com.tr\/wp-content\/uploads\/2025\/09\/WhatsApp-Gorsel-2025-09-05-saat-11.48.32_e88005ff.jpg 750w, https:\/\/esenyurtelektronik.com.tr\/wp-content\/uploads\/2025\/09\/WhatsApp-Gorsel-2025-09-05-saat-11.48.32_e88005ff-169x300.jpg 169w, https:\/\/esenyurtelektronik.com.tr\/wp-content\/uploads\/2025\/09\/WhatsApp-Gorsel-2025-09-05-saat-11.48.32_e88005ff-576x1024.jpg 576w\" sizes=\"(max-width: 750px) 100vw, 750px\" \/><\/figure>\n\n<h3 class=\"wp-block-heading\" style=\"margin-top: 16px;\">\ud83d\udcbb Bilgisayar Tamiri ve Bak\u0131m\u0131<\/h3>\n\n<p><strong>Her T\u00fcrl\u00fc Ar\u0131za \u0130\u00e7in \u00c7\u00f6z\u00fcm<\/strong><br \/>Donan\u0131m ve yaz\u0131l\u0131m sorunlar\u0131n\u0131 h\u0131zl\u0131 ve garantili \u015fekilde \u00e7\u00f6z\u00fcyoruz. Bilgisayar\u0131n\u0131z\u0131 ilk g\u00fcnk\u00fc performans\u0131na d\u00f6nd\u00fcr\u00fcyoruz.<\/p>\n<\/div>\n\n<div class=\"wp-block-column is-layout-flow wp-container-core-column-is-layout-6b73ce23 wp-block-column-is-layout-flow\">\n<figure class=\"wp-block-image size-full\"><img loading=\"lazy\" decoding=\"async\" width=\"750\" height=\"1334\" class=\"wp-image-38\" src=\"https:\/\/esenyurtelektronik.com.tr\/wp-content\/uploads\/2025\/09\/UYDU.jpg\" alt=\"\" srcset=\"https:\/\/esenyurtelektronik.com.tr\/wp-content\/uploads\/2025\/09\/UYDU.jpg 750w, https:\/\/esenyurtelektronik.com.tr\/wp-content\/uploads\/2025\/09\/UYDU-169x300.jpg 169w, https:\/\/esenyurtelektronik.com.tr\/wp-content\/uploads\/2025\/09\/UYDU-576x1024.jpg 576w\" sizes=\"(max-width: 750px) 100vw, 750px\" \/><\/figure>\n\n<h3 class=\"wp-block-heading\" style=\"margin-top: 16px;\">\ud83d\udce1 Uydu Sistemleri Kurulum &amp; Servis<\/h3>\n\n<p><strong>Kesintisiz Yay\u0131n, Profesyonel Hizmet<\/strong><br \/>Uydu al\u0131c\u0131 kurulumu, ayarlama ve bak\u0131m hizmetlerimizle en net g\u00f6r\u00fcnt\u00fcy\u00fc, sorunsuz ba\u011flant\u0131y\u0131 sizlere sunuyoruz.<\/p>\n<\/div>\n<\/div>\n<\/div>\n\n<div id=\"about\" class=\"wp-block-group alignfull has-ast-global-color-5-background-color has-background is-layout-constrained wp-container-core-group-is-layout-94d206d0 wp-block-group-is-layout-constrained\" style=\"padding-top: 143px; padding-bottom: 144px;\">\n<div class=\"wp-block-media-text has-media-on-the-right is-stacked-on-mobile is-vertically-aligned-center\">\n<div class=\"wp-block-media-text__content\">\n<div class=\"inherit-container-width wp-block-group is-layout-constrained wp-container-core-group-is-layout-47ce07ec wp-block-group-is-layout-constrained\" style=\"padding-right: 80px;\">\n<h2 class=\"wp-block-heading\" style=\"padding-right: 40px;\">\ud83d\udd39 Neler Yap\u0131yoruz?<\/h2>\n\n<p>\ud83d\udcbb <strong>Bilgisayar Tamiri ve Bak\u0131m\u0131<\/strong> \u2013 Donan\u0131m, yaz\u0131l\u0131m, format ve h\u0131zland\u0131rma i\u015flemleri<\/p>\n\n<p>\ud83d\udcfa <strong>Televizyon Tamiri<\/strong> \u2013 Her marka ve model TV ar\u0131zalar\u0131n\u0131n onar\u0131m\u0131<\/p>\n\n<p>\ud83d\udce1 <strong>Uydu Kurulum &amp; Servis<\/strong> \u2013 Uydu al\u0131c\u0131 montaj\u0131, ayar ve bak\u0131m hizmetleri<\/p>\n\n<p>\ud83d\udd12 <strong>G\u00fcvenlik Kamera Sistemleri<\/strong> \u2013 Kamera kurulumu, teknik destek ve takip \u00e7\u00f6z\u00fcmleri<\/p>\n\n<p>\ud83d\udd27 <strong>Par\u00e7a De\u011fi\u015fimi &amp; Y\u00fckseltme<\/strong> \u2013 RAM, ekran kart\u0131, harddisk ve di\u011fer donan\u0131m de\u011fi\u015fimleri<\/p>\n\n<p>\u26a1 <strong>H\u0131zland\u0131rma \u00c7\u00f6z\u00fcmleri<\/strong> \u2013 Yava\u015f \u00e7al\u0131\u015fan cihazlara performans art\u0131rma hizmetleri<\/p>\n<\/div>\n<\/div>\n<figure class=\"wp-block-media-text__media\"><img loading=\"lazy\" decoding=\"async\" width=\"576\" height=\"1024\" class=\"wp-image-40 size-full\" src=\"https:\/\/esenyurtelektronik.com.tr\/wp-content\/uploads\/2025\/09\/WhatsApp-Gorsel-2025-09-05-saat-11.48.31_55c6c965-4-576x1024.jpg\" alt=\"\" srcset=\"https:\/\/esenyurtelektronik.com.tr\/wp-content\/uploads\/2025\/09\/WhatsApp-Gorsel-2025-09-05-saat-11.48.31_55c6c965-4-576x1024.jpg 576w, https:\/\/esenyurtelektronik.com.tr\/wp-content\/uploads\/2025\/09\/WhatsApp-Gorsel-2025-09-05-saat-11.48.31_55c6c965-4-169x300.jpg 169w, https:\/\/esenyurtelektronik.com.tr\/wp-content\/uploads\/2025\/09\/WhatsApp-Gorsel-2025-09-05-saat-11.48.31_55c6c965-4.jpg 750w\" sizes=\"(max-width: 576px) 100vw, 576px\" \/><\/figure>\n<\/div>\n<\/div>\n\n<div id=\"reviews\" class=\"wp-block-group alignfull has-ast-global-color-4-background-color has-background is-layout-constrained wp-container-core-group-is-layout-6a2cfb7b wp-block-group-is-layout-constrained\">\n<figure class=\"wp-block-image aligncenter size-full\"><img loading=\"lazy\" decoding=\"async\" width=\"750\" height=\"1334\" class=\"wp-image-41\" src=\"https:\/\/esenyurtelektronik.com.tr\/wp-content\/uploads\/2025\/09\/WhatsApp-Gorsel-2025-09-05-saat-11.48.32_4be64ac4-2.jpg\" alt=\"\" srcset=\"https:\/\/esenyurtelektronik.com.tr\/wp-content\/uploads\/2025\/09\/WhatsApp-Gorsel-2025-09-05-saat-11.48.32_4be64ac4-2.jpg 750w, https:\/\/esenyurtelektronik.com.tr\/wp-content\/uploads\/2025\/09\/WhatsApp-Gorsel-2025-09-05-saat-11.48.32_4be64ac4-2-169x300.jpg 169w, https:\/\/esenyurtelektronik.com.tr\/wp-content\/uploads\/2025\/09\/WhatsApp-Gorsel-2025-09-05-saat-11.48.32_4be64ac4-2-576x1024.jpg 576w\" sizes=\"(max-width: 750px) 100vw, 750px\" \/><\/figure>\n\n<p class=\"has-text-align-center\" style=\"font-size: 22px; line-height: 1.6;\">\u2b50 Bizi Neden Se\u00e7melisiniz?<\/p>\n\n<p class=\"has-text-align-center\" style=\"font-size: 22px; line-height: 1.6;\">\ud83d\udcde <strong>7\/24 \u0130leti\u015fim:<\/strong> Her an ula\u015fabilece\u011finiz destek hatt\u0131m\u0131zla yan\u0131n\u0131zday\u0131z.<\/p>\n\n<p>\ud83d\udc68\u200d\ud83d\udd27 <strong>Uzman Kadro:<\/strong> Alan\u0131nda deneyimli ustalar\u0131m\u0131zla g\u00fcvenilir hizmet sunuyoruz.<\/p>\n\n<p>\u26a1 <strong>H\u0131zl\u0131 \u00c7\u00f6z\u00fcm:<\/strong> Ar\u0131zalar\u0131n\u0131z\u0131 en k\u0131sa s\u00fcrede tespit edip \u00e7\u00f6z\u00fcme kavu\u015fturuyoruz.<\/p>\n\n<p>\u2705 <strong>Garantili Hizmet:<\/strong> Yapt\u0131\u011f\u0131m\u0131z her i\u015fin arkas\u0131nda duruyor, m\u00fc\u015fteri memnuniyetini \u00f6n planda tutuyoruz.<\/p>\n\n<p>\ud83d\udcb0 <strong>Uygun Fiyat:<\/strong> Kaliteli hizmeti, b\u00fct\u00e7enizi zorlamadan sunuyoruz.<\/p>\n\n<p>\ud83d\udccd <strong>Yerinde Servis:<\/strong> \u0130htiya\u00e7 halinde adresinize gelerek \u00e7\u00f6z\u00fcm sa\u011fl\u0131yoruz.<\/p>\n<\/div>\n\n<div id=\"whyus\" class=\"wp-block-group alignfull is-layout-constrained wp-container-core-group-is-layout-3fee123f wp-block-group-is-layout-constrained\" style=\"padding-top: 144px; padding-bottom: 144px;\">\n<h2 class=\"wp-block-heading\">Hizmetlerimiz 2<\/h2>\n\n<div class=\"wp-block-columns is-layout-flex wp-container-core-columns-is-layout-29aadeec wp-block-columns-is-layout-flex\" style=\"margin-top: 60px;\">\n<div class=\"wp-block-column is-layout-flow wp-container-core-column-is-layout-6b73ce23 wp-block-column-is-layout-flow\">\n<h3 class=\"wp-block-heading\" style=\"margin-top: 16px;\">\ud83d\udcf1 Telefon Tamiri ve Servisi<\/h3>\n\n<p><strong>Her Marka \u0130\u00e7in Profesyonel \u00c7\u00f6z\u00fcmler<\/strong><br \/>K\u0131r\u0131k ekran, batarya sorunlar\u0131, yaz\u0131l\u0131m ar\u0131zalar\u0131 ve t\u00fcm telefon problemlerinde h\u0131zl\u0131 ve garantili tamir hizmeti sunuyoruz.<\/p>\n<\/div>\n\n<div class=\"wp-block-column is-layout-flow wp-container-core-column-is-layout-6b73ce23 wp-block-column-is-layout-flow\">\n<h3 class=\"wp-block-heading\" style=\"margin-top: 16px;\">\ud83d\udcbb Bilgisayar Tamiri ve Bak\u0131m\u0131<\/h3>\n\n<p><strong>Teknik Destek ve Donan\u0131m \u00c7\u00f6z\u00fcmleri<\/strong><br \/>Bilgisayar\u0131n\u0131zda olu\u015fan her t\u00fcrl\u00fc donan\u0131m ve yaz\u0131l\u0131m sorununu gideriyor, performans art\u0131r\u0131c\u0131 bak\u0131m ve y\u00fckseltme hizmetleri sa\u011fl\u0131yoruz.<\/p>\n<\/div>\n\n<div class=\"wp-block-column is-layout-flow wp-container-core-column-is-layout-6b73ce23 wp-block-column-is-layout-flow\">\n<h3 class=\"wp-block-heading\" style=\"margin-top: 16px;\">\u26a1 Elektrik Ar\u0131za ve Tesisat<\/h3>\n\n<p><strong>G\u00fcvenli ve Kaliteli Elektrik Hizmetleri<\/strong><br \/>Ev ve i\u015f yerlerinizdeki elektrik ar\u0131zalar\u0131n\u0131 \u00e7\u00f6z\u00fcyor, yeni tesisat ve bak\u0131m i\u015flemlerini uzman ekibimizle ger\u00e7ekle\u015ftiriyoruz.<\/p>\n<\/div>\n<\/div>\n<\/div>\n\n<div id=\"contact\" class=\"wp-block-group alignfull has-background is-layout-constrained wp-container-core-group-is-layout-cfcca693 wp-block-group-is-layout-constrained\" style=\"background: linear-gradient(35deg,#060097 0%,#8204ff 64%,#c10fff 98%); padding-top: 104px; padding-bottom: 104px;\">\n<h2 class=\"wp-block-heading has-text-align-center has-text-color\" style=\"color: #ffffff;\">\ud83d\udcde \u0130leti\u015fim<\/h2>\n\n<ul class=\"wp-block-list\">\n<li>\u260e\ufe0f Telefon: <strong>0535 668 74 22<\/strong><\/li>\n\n<li>\ud83d\udcf7 Instagram: <strong>@stc_iletisim<\/strong><\/li>\n<\/ul>\n\n<p class=\"has-text-align-center\">Her t\u00fcrl\u00fc soru, ar\u0131za kayd\u0131 ve hizmet talebiniz i\u00e7in bize ula\u015fabilirsiniz. \u2705<\/p>\n\n<div class=\"wp-block-buttons alignwide is-horizontal is-content-justification-center is-layout-flex wp-container-core-buttons-is-layout-bba8380a wp-block-buttons-is-layout-flex\" style=\"margin-top: 50px;\">\n<div class=\"wp-block-button\"><a class=\"wp-block-button__link wp-element-button\">0535 668 74 22<\/a><\/div>\n<\/div>\n<\/div>\n\t\t\t\t\t\t\t\t<\/div>\n\t\t\t\t\t<\/div>\n\t\t\t\t<\/div>\n\t\t<div class=\"elementor-element elementor-element-35005d9 e-flex e-con-boxed e-con e-parent\" data-id=\"35005d9\" data-element_type=\"container\" data-e-type=\"container\">\n\t\t\t\t\t<div class=\"e-con-inner\">\n\t\t\t\t<div class=\"elementor-element elementor-element-e8a743a elementor-widget elementor-widget-html\" data-id=\"e8a743a\" data-element_type=\"widget\" data-e-type=\"widget\" data-widget_type=\"html.default\">\n\t\t\t\t\t<a href=\"tel:05356687422\" \n   style=\"position:fixed;bottom:20px;left:20px;\n          background:#28a745;color:white;\n          padding:15px 18px;border-radius:50%;\n          font-size:22px;z-index:9999;text-decoration:none;\">\n   \ud83d\udcde\n<\/a>\t\t\t\t<\/div>\n\t\t\t\t\t<\/div>\n\t\t\t\t<\/div>\n\t\t<div class=\"elementor-element elementor-element-abbf11c e-flex e-con-boxed e-con e-parent\" data-id=\"abbf11c\" data-element_type=\"container\" data-e-type=\"container\">\n\t\t\t\t\t<div class=\"e-con-inner\">\n\t\t\t\t<div class=\"elementor-element elementor-element-5bb1603 elementor-widget elementor-widget-html\" data-id=\"5bb1603\" data-element_type=\"widget\" data-e-type=\"widget\" data-widget_type=\"html.default\">\n\t\t\t\t\t<a href=\"tel:05356687422\" \n   style=\"position:fixed;bottom:20px;left:20px;\n          background:#28a745;color:white;\n          padding:15px 18px;border-radius:50%;\n          font-size:22px;z-index:9999;text-decoration:none;\">\n   \ud83d\udcde\n<\/a>\t\t\t\t<\/div>\n\t\t\t\t\t<\/div>\n\t\t\t\t<\/div>\n\t\t\t\t<\/div>\n\t\t","protected":false},"excerpt":{"rendered":"<p>\u00a0Bilgisayar Tamiri H\u0131zl\u0131 ve g\u00fcvenilir bilgisayar bak\u0131m ve onar\u0131m hizmeti. \u00a0 \u00a0Televizyon Tamiri T\u00fcm marka TV ar\u0131zalar\u0131nda profesyonel \u00e7\u00f6z\u00fcm. \u00a0Telefon [&hellip;]<\/p>\n","protected":false},"author":1,"featured_media":0,"parent":0,"menu_order":0,"comment_status":"closed","ping_status":"closed","template":"","meta":{"site-sidebar-layout":"no-sidebar","site-content-layout":"plain-container","ast-site-content-layout":"default","site-content-style":"default","site-sidebar-style":"default","ast-global-header-display":"","ast-banner-title-visibility":"","ast-main-header-display":"","ast-hfb-above-header-display":"","ast-hfb-below-header-display":"","ast-hfb-mobile-header-display":"","site-post-title":"","ast-breadcrumbs-content":"","ast-featured-img":"","footer-sml-layout":"","ast-disable-related-posts":"","theme-transparent-header-meta":"enabled","adv-header-id-meta":"","stick-header-meta":"","header-above-stick-meta":"","header-main-stick-meta":"","header-below-stick-meta":"","astra-migrate-meta-layouts":"default","ast-page-background-enabled":"default","ast-page-background-meta":{"desktop":{"background-color":"var(--ast-global-color-5)","background-image":"","background-repeat":"repeat","background-position":"center center","background-size":"auto","background-attachment":"scroll","background-type":"","background-media":"","overlay-type":"","overlay-color":"","overlay-opacity":"","overlay-gradient":""},"tablet":{"background-color":"","background-image":"","background-repeat":"repeat","background-position":"center center","background-size":"auto","background-attachment":"scroll","background-type":"","background-media":"","overlay-type":"","overlay-color":"","overlay-opacity":"","overlay-gradient":""},"mobile":{"background-color":"","background-image":"","background-repeat":"repeat","background-position":"center center","background-size":"auto","background-attachment":"scroll","background-type":"","background-media":"","overlay-type":"","overlay-color":"","overlay-opacity":"","overlay-gradient":""}},"ast-content-background-meta":{"desktop":{"background-color":"var(--ast-global-color-4)","background-image":"","background-repeat":"repeat","background-position":"center center","background-size":"auto","background-attachment":"scroll","background-type":"","background-media":"","overlay-type":"","overlay-color":"","overlay-opacity":"","overlay-gradient":""},"tablet":{"background-color":"var(--ast-global-color-4)","background-image":"","background-repeat":"repeat","background-position":"center center","background-size":"auto","background-attachment":"scroll","background-type":"","background-media":"","overlay-type":"","overlay-color":"","overlay-opacity":"","overlay-gradient":""},"mobile":{"background-color":"var(--ast-global-color-4)","background-image":"","background-repeat":"repeat","background-position":"center center","background-size":"auto","background-attachment":"scroll","background-type":"","background-media":"","overlay-type":"","overlay-color":"","overlay-opacity":"","overlay-gradient":""}},"footnotes":""},"class_list":["post-6","page","type-page","status-publish","hentry"],"_links":{"self":[{"href":"https:\/\/esenyurtelektronik.com.tr\/index.php?rest_route=\/wp\/v2\/pages\/6","targetHints":{"allow":["GET"]}}],"collection":[{"href":"https:\/\/esenyurtelektronik.com.tr\/index.php?rest_route=\/wp\/v2\/pages"}],"about":[{"href":"https:\/\/esenyurtelektronik.com.tr\/index.php?rest_route=\/wp\/v2\/types\/page"}],"author":[{"embeddable":true,"href":"https:\/\/esenyurtelektronik.com.tr\/index.php?rest_route=\/wp\/v2\/users\/1"}],"replies":[{"embeddable":true,"href":"https:\/\/esenyurtelektronik.com.tr\/index.php?rest_route=%2Fwp%2Fv2%2Fcomments&post=6"}],"version-history":[{"count":26,"href":"https:\/\/esenyurtelektronik.com.tr\/index.php?rest_route=\/wp\/v2\/pages\/6\/revisions"}],"predecessor-version":[{"id":77,"href":"https:\/\/esenyurtelektronik.com.tr\/index.php?rest_route=\/wp\/v2\/pages\/6\/revisions\/77"}],"wp:attachment":[{"href":"https:\/\/esenyurtelektronik.com.tr\/index.php?rest_route=%2Fwp%2Fv2%2Fmedia&parent=6"}],"curies":[{"name":"wp","href":"https:\/\/api.w.org\/{rel}","templated":true}]}}